{"id":42,"date":"2022-01-24T17:47:17","date_gmt":"2022-01-24T17:47:17","guid":{"rendered":"https:\/\/magistrates.judiciary.uk\/cymru\/?page_id=42"},"modified":"2025-05-21T11:30:47","modified_gmt":"2025-05-21T10:30:47","slug":"beth-yw-ynad","status":"publish","type":"page","link":"https:\/\/magistrates.judiciary.uk\/cymraeg\/beth-yw-ynad\/","title":{"rendered":"Beth yw ynad?"},"content":{"rendered":"\n    <div class=\"wp-block-mojblocks-banner mojblocks-banner\">\n        <div class=\"govuk-width-container\">\n            <div class=\"govuk-grid-row\">\n                <div class=\"govuk-grid-column-two-thirds\">\n\n\t\t\t\t\t\t\t\t\t\t\t<div class=\"mojblocks-banner__title\">\n\t\t\t\t\t\t\n\n<h1 class=\"wp-block-heading\" id=\"beth-yw-ynad\">Beth yw ynad?<\/h1>\n\n\t\t\t\t\t\t<\/div>\n\t\t\t\t\t\t\t\t\t<\/div>\n\t\t\t\t<div class=\"govuk-grid-column-one-third\">\n                    <a href=\"https:\/\/magistrates.affinixats.co.uk\/jobtools\/jncustomsearch.searchResults?in_organid=20434&amp;in_jobDate=All \" class=\"mojblocks-banner__button govuk-button\">\n                        Gwirfoddolwch nawr                    <\/a>\n                <\/div>\n            <\/div>\n        <\/div>\n    <\/div>\n\n    \n\n\n    <section class=\"wp-block-mojblocks-hero wp-block-mojblocks-hero mojblocks-hero mojblocks-hero\">\n        <div class=\"mojblocks-hero__image\"\n        style=\"background-image:url('https:\/\/cdn.websitebuilder.service.justice.gov.uk\/uploads\/sites\/11\/2024\/10\/Richard-headshot-1366x683.png');\n        background-size: cover; background-position: top;\"><\/div>\n                    <div class=\"govuk-width-container\">\n                <div class=\"govuk-grid-row\">\n                    <div class=\"mojblocks-hero__overlay\">\n                        <div class=\"govuk-grid-column-three-quarters\">\n                            \n\n<h2 class=\"wp-block-heading\" id=\"does-dim-angen-i-chi-fod-yn-gyfreithiwr-ond-mae-angen-barn-gytbwys-arnoch\">&#8220;Does dim angen i chi fod yn gyfreithiwr, ond mae angen barn gytbwys arnoch.&#8221;<\/h2>\n\n\n\n<p><strong>Rhowch eich sgiliau tuag at rywbeth newydd ac ystyrlon.<\/strong><\/p>\n\n                        <\/div>\n                    <\/div>\n                <\/div>\n            <\/div>\n            <\/section>\n\n    \n\n\n<div class=\"wp-block-columns are-vertically-aligned-center is-layout-flex wp-container-core-columns-is-layout-9d6595d7 wp-block-columns-is-layout-flex\">\n<div class=\"wp-block-column is-vertically-aligned-center is-layout-flow wp-block-column-is-layout-flow\">\n<h3 class=\"wp-block-heading\" id=\"dod-yn-ynad\">Dod yn ynad<\/h3>\n\n\n\n<p>Nid yw llawer o&#8217;r penderfyniadau cyfreithiol a wneir yng Nghymru a Lloegr yn cael eu gwneud gan farnwyr. Maent yn cael eu gwneud gan bobl gyffredin sy&#8217;n gweithio ym mhob math o feysydd ac nad oes ganddynt unrhyw gysylltiad blaenorol \u00e2 phroffesiwn y gyfraith. Yr hyn sydd ganddynt yw ymdeimlad o degwch. Mae ganddynt hefyd y gallu i wrando, llunio barn resymegol a bod yn gynrychiolwyr balch o&#8217;u cymunedau. Ynadon yw&#8217;r bobl hyn.<\/p>\n<\/div>\n\n\n\n<div class=\"wp-block-column is-vertically-aligned-center is-layout-flow wp-block-column-is-layout-flow\">\n<div style=\"height:40px\" aria-hidden=\"true\" class=\"wp-block-spacer\"><\/div>\n\n\n\n<figure class=\"wp-block-embed is-type-video is-provider-vimeo wp-block-embed-vimeo\"><div class=\"wp-block-embed__wrapper\">\n<iframe loading=\"lazy\" title=\"MoJ - Adrian - Magistrate\" src=\"https:\/\/player.vimeo.com\/video\/644763295?h=5c18c3c817&amp;dnt=1&amp;app_id=122963\" width=\"640\" height=\"360\" frameborder=\"0\" allow=\"autoplay; fullscreen; picture-in-picture; clipboard-write\"><\/iframe>\n<\/div><\/figure>\n<\/div>\n<\/div>\n\n\n\n<div class=\"wp-block-columns are-vertically-aligned-center is-layout-flex wp-container-core-columns-is-layout-9d6595d7 wp-block-columns-is-layout-flex\">\n<div class=\"wp-block-column is-vertically-aligned-center is-layout-flow wp-block-column-is-layout-flow\">\n<div style=\"height:40px\" aria-hidden=\"true\" class=\"wp-block-spacer\"><\/div>\n\n\n\n<figure class=\"wp-block-embed is-type-video is-provider-vimeo wp-block-embed-vimeo\"><div class=\"wp-block-embed__wrapper\">\n<iframe loading=\"lazy\" title=\"MoJ - Denise - Magistrate\" src=\"https:\/\/player.vimeo.com\/video\/644763327?h=4856e76c1c&amp;dnt=1&amp;app_id=122963\" width=\"640\" height=\"360\" frameborder=\"0\" allow=\"autoplay; fullscreen; picture-in-picture; clipboard-write\"><\/iframe>\n<\/div><\/figure>\n<\/div>\n\n\n\n<div class=\"wp-block-column is-vertically-aligned-center is-layout-flow wp-block-column-is-layout-flow\">\n<h3 class=\"wp-block-heading\" id=\"sut-mae-n-gweithio\">Sut mae&#8217;n gweithio?<\/h3>\n\n\n\n<p>Mae ynadon yn gwirfoddoli am o leiaf 13 diwrnod, ynghyd \u00e2 hyfforddiant, y flwyddyn am o leiaf bum mlynedd i wrando ar bob math o achosion yn ein llysoedd. Gan fod y r\u00f4l yn ddi-d\u00e2l, mae ynadon yn tueddu i wneud hyn ochr yn ochr ag ymrwymiadau gwaith eraill. Os ydych yn hunangyflogedig neu os oes rhaid i chi eistedd yn ddi-d\u00e2l, gallwch hawlio enillion a gollwyd o hyd at \u00a3134.96 y dydd. Fel ynad, gallwch ddewis a ydych eisiau eistedd mewn <a href=\"https:\/\/magistrates.judiciary.uk\/cymraeg\/y-tu-mewn-in-llysoedd\/\">llys troseddol neu lys teulu.<\/a><\/p>\n<\/div>\n<\/div>\n\n\n\n<div class=\"wp-block-columns is-layout-flex wp-container-core-columns-is-layout-9d6595d7 wp-block-columns-is-layout-flex\">\n<div class=\"wp-block-column is-layout-flow wp-block-column-is-layout-flow\"><\/div>\n\n\n\n<div class=\"wp-block-column is-layout-flow wp-block-column-is-layout-flow\"><\/div>\n<\/div>\n\n\n\n<div class=\"wp-block-columns are-vertically-aligned-center is-layout-flex wp-container-core-columns-is-layout-9d6595d7 wp-block-columns-is-layout-flex\">\n<div class=\"wp-block-column is-vertically-aligned-center is-layout-flow wp-block-column-is-layout-flow\">\n<h3 class=\"wp-block-heading\" id=\"beth-fyddaf-yn-ei-wneud\">Beth fyddaf yn ei wneud?<\/h3>\n\n\n\n<p>Byddwch yn gwrando ar ddadleuon gan yr erlyniad a&#8217;r amddiffyniad cyn penderfynu ar y ffordd orau o weithredu. Byddwch yn cael cymorth gan gynghorydd cyfreithiol a fydd yn sicrhau eich bod bob amser yn dilyn y canllawiau a&#8217;r gweithdrefnau cywir. Hefyd, byddwch yn gweithio gyda dau ynad arall \u2013 lle bydd un ohonynt yn brif ynad.<\/p>\n<\/div>\n\n\n\n<div class=\"wp-block-column is-vertically-aligned-center is-layout-flow wp-block-column-is-layout-flow\">\n<figure class=\"wp-block-image size-full\"><img loading=\"lazy\" decoding=\"async\" width=\"2250\" height=\"1688\" src=\"https:\/\/cdn.websitebuilder.service.justice.gov.uk\/uploads\/sites\/11\/2024\/10\/courtroom1.3.png\" alt=\"\" class=\"wp-image-409\" srcset=\"https:\/\/cdn.websitebuilder.service.justice.gov.uk\/uploads\/sites\/11\/2024\/10\/courtroom1.3.png 2250w, https:\/\/cdn.websitebuilder.service.justice.gov.uk\/uploads\/sites\/11\/2024\/10\/courtroom1.3-300x225.png 300w, https:\/\/cdn.websitebuilder.service.justice.gov.uk\/uploads\/sites\/11\/2024\/10\/courtroom1.3-1024x768.png 1024w, https:\/\/cdn.websitebuilder.service.justice.gov.uk\/uploads\/sites\/11\/2024\/10\/courtroom1.3-768x576.png 768w, https:\/\/cdn.websitebuilder.service.justice.gov.uk\/uploads\/sites\/11\/2024\/10\/courtroom1.3-1536x1152.png 1536w, https:\/\/cdn.websitebuilder.service.justice.gov.uk\/uploads\/sites\/11\/2024\/10\/courtroom1.3-2048x1536.png 2048w\" sizes=\"auto, (max-width: 2250px) 100vw, 2250px\" \/><\/figure>\n<\/div>\n<\/div>\n\n\n\n<div class=\"wp-block-columns are-vertically-aligned-center is-layout-flex wp-container-core-columns-is-layout-9d6595d7 wp-block-columns-is-layout-flex\">\n<div class=\"wp-block-column is-vertically-aligned-center is-layout-flow wp-block-column-is-layout-flow\">\n<figure class=\"wp-block-image size-full\"><img loading=\"lazy\" decoding=\"async\" width=\"3000\" height=\"2250\" src=\"https:\/\/cdn.websitebuilder.service.justice.gov.uk\/uploads\/sites\/11\/2024\/10\/courtroom2.1.png\" alt=\"Three magistrates sitting in court on a bench. One Asian female, one black female and one black male\" class=\"wp-image-412\" srcset=\"https:\/\/cdn.websitebuilder.service.justice.gov.uk\/uploads\/sites\/11\/2024\/10\/courtroom2.1.png 3000w, https:\/\/cdn.websitebuilder.service.justice.gov.uk\/uploads\/sites\/11\/2024\/10\/courtroom2.1-300x225.png 300w, https:\/\/cdn.websitebuilder.service.justice.gov.uk\/uploads\/sites\/11\/2024\/10\/courtroom2.1-1024x768.png 1024w, https:\/\/cdn.websitebuilder.service.justice.gov.uk\/uploads\/sites\/11\/2024\/10\/courtroom2.1-768x576.png 768w, https:\/\/cdn.websitebuilder.service.justice.gov.uk\/uploads\/sites\/11\/2024\/10\/courtroom2.1-1536x1152.png 1536w, https:\/\/cdn.websitebuilder.service.justice.gov.uk\/uploads\/sites\/11\/2024\/10\/courtroom2.1-2048x1536.png 2048w\" sizes=\"auto, (max-width: 3000px) 100vw, 3000px\" \/><\/figure>\n\n\n\n<p><\/p>\n<\/div>\n\n\n\n<div class=\"wp-block-column is-vertically-aligned-center is-layout-flow wp-block-column-is-layout-flow\">\n<h3 class=\"wp-block-heading\" id=\"a-fyddwn-i-n-gwneud-ynad-da\">A fyddwn i&#8217;n gwneud ynad da?<\/h3>\n\n\n\n<p>Nid oes angen profiad cyfreithiol arnoch nac unrhyw gymwysterau arbennig i ddod yn ynad. Yr hyn sy&#8217;n bwysig yw eich sgiliau cyfathrebu cryf, eich ymdeimlad o degwch, a&#8217;ch gallu i ystyried gwahanol ochrau i ddadl mewn ffordd broffesiynol. Rydym yn chwilio am bobl o gefndiroedd amrywiol oherwydd mae&#8217;n bwysig i ynadon gael dealltwriaeth dda o&#8217;r gymuned a gallu cynrychioli&#8217;r cymunedau rydym yn eu cefnogi. Felly, dylech fwynhau cynrychioli eich ardal leol a helpu i&#8217;w newid er gwell.<\/p>\n\n\n\n<p>Mae ynadon yn ymgymryd \u00e2\u2019u dyletswyddau o fewn llysoedd a reolir gan Wasanaeth Llysoedd a Thribiwnlysoedd EM, a gydnabyddir fel sefydliad Hyderus o ran Anabledd. Rydym yn croesawu ac yn annog ceisiadau gan bawb, gan gynnwys unigolion ag anabledd sy\u2019n gallu, naill ai heb gymorth neu ag addasiadau rhesymol, gyflawni\u2019r ystod lawn o ddyletswyddau ynad.<\/p>\n<\/div>\n<\/div>\n\n\n\n<div class=\"wp-block-columns is-layout-flex wp-container-core-columns-is-layout-9d6595d7 wp-block-columns-is-layout-flex\">\n<div class=\"wp-block-column is-vertically-aligned-center is-layout-flow wp-block-column-is-layout-flow\">\n<h2 class=\"wp-block-heading has-text-align-center\" id=\"beth-yw-ein-gofynion\">Beth yw ein gofynion?<\/h2>\n\n\n\n<p class=\"has-text-align-center is-style-wide\">O ran y gofynion penodol, bydd angen i chi fod yn 18 i 74 oed ac o gymeriad da gyda barn gadarn. Mae &#8216;cymeriad da&#8217; yn cynnwys eich cymhellion i wneud cais, eich ymrwymiad i&#8217;r r\u00f4l ac a oes unrhyw reswm y byddai eich penodiad yn effeithio ar ymddiriedaeth y cyhoedd yn yr ynadaeth.<\/p>\n\n\n\n<p class=\"has-text-align-center\">Rydym hefyd yn edrych ar:<\/p>\n<\/div>\n<\/div>\n\n\n\n<div class=\"wp-block-columns is-layout-flex wp-container-core-columns-is-layout-9d6595d7 wp-block-columns-is-layout-flex\">\n<div class=\"wp-block-column is-layout-flow wp-block-column-is-layout-flow\">\n<figure class=\"wp-block-image aligncenter size-full\"><img loading=\"lazy\" decoding=\"async\" width=\"150\" height=\"150\" src=\"https:\/\/cdn.websitebuilder.service.justice.gov.uk\/uploads\/sites\/11\/2022\/01\/MOJ-AVAILABILITY-150x150-1.png\" alt=\"\" class=\"wp-image-56\"\/><\/figure>\n\n\n\n<h3 class=\"wp-block-heading has-text-align-center\" id=\"pryd-rydych-ar-gael-i-eistedd\">Pryd rydych ar gael i eistedd<\/h3>\n\n\n\n<p class=\"has-text-align-center\">A fyddwch yn hapus i wirfoddoli am o leiaf 13 diwrnod y flwyddyn (neu 26 hanner diwrnod) am o leiaf bum mlynedd.<\/p>\n<\/div>\n\n\n\n<div class=\"wp-block-column is-layout-flow wp-block-column-is-layout-flow\">\n<figure class=\"wp-block-image aligncenter size-full\"><img loading=\"lazy\" decoding=\"async\" width=\"150\" height=\"150\" src=\"https:\/\/cdn.websitebuilder.service.justice.gov.uk\/uploads\/sites\/11\/2022\/01\/MOJ-FLEXIBILITY-150x150-1.png\" alt=\"\" class=\"wp-image-58\"\/><\/figure>\n\n\n\n<h3 class=\"wp-block-heading has-text-align-center\" id=\"hyblygrwydd\">Hyblygrwydd<\/h3>\n\n\n\n<p class=\"has-text-align-center\">Rydym bob amser yn gwneud ein gorau i&#8217;ch dyrannu i lysoedd yn eich ardal leol ond os na allwn wneud hyn, efallai y bydd angen i chi allu teithio am hyd at ddwy awr i gyrraedd y llys.<\/p>\n<\/div>\n\n\n\n<div class=\"wp-block-column is-layout-flow wp-block-column-is-layout-flow\">\n<figure class=\"wp-block-image aligncenter size-full\"><img loading=\"lazy\" decoding=\"async\" width=\"150\" height=\"150\" src=\"https:\/\/cdn.websitebuilder.service.justice.gov.uk\/uploads\/sites\/11\/2022\/01\/MOJ-GOOD-IT-SKILLS-150x150-1.png\" alt=\"\" class=\"wp-image-59\"\/><\/figure>\n\n\n\n<h3 class=\"wp-block-heading has-text-align-center\" id=\"sgiliau-tg-da\">Sgiliau TG da<\/h3>\n\n\n\n<p class=\"has-text-align-center\">Byddwch yn gyfforddus yn defnyddio iPads i gael gafael ar wybodaeth.<\/p>\n<\/div>\n<\/div>\n\n\n\n<div class=\"wp-block-columns is-layout-flex wp-container-core-columns-is-layout-9d6595d7 wp-block-columns-is-layout-flex\">\n<div class=\"wp-block-column is-layout-flow wp-block-column-is-layout-flow\">\n<figure class=\"wp-block-image aligncenter size-full\"><img loading=\"lazy\" decoding=\"async\" width=\"150\" height=\"150\" src=\"https:\/\/cdn.websitebuilder.service.justice.gov.uk\/uploads\/sites\/11\/2022\/01\/MOJ-CLEAN-RECORD-150x150-1.png\" alt=\"\" class=\"wp-image-57\"\/><\/figure>\n\n\n\n<h3 class=\"wp-block-heading has-text-align-center\" id=\"gwiriad-dbs\">Gwiriad DBS<\/h3>\n\n\n\n<p class=\"has-text-align-center\">Mae&#8217;n ofynnol i bob ynad ymgymryd \u00e2 gwiriad DBS lefel uwch.<\/p>\n<\/div>\n\n\n\n<div class=\"wp-block-column is-layout-flow wp-block-column-is-layout-flow\">\n<figure class=\"wp-block-image aligncenter size-full\"><img loading=\"lazy\" decoding=\"async\" width=\"150\" height=\"150\" src=\"https:\/\/cdn.websitebuilder.service.justice.gov.uk\/uploads\/sites\/11\/2022\/01\/MOJ-JOB-ELIGIBILITY-150x150-1.png\" alt=\"\" class=\"wp-image-60\"\/><\/figure>\n\n\n\n<h3 class=\"wp-block-heading has-text-align-center\" id=\"cymhwysedd-ar-gyfer-y-swydd\">Cymhwysedd ar gyfer y swydd<\/h3>\n\n\n\n<p class=\"has-text-align-center\">Ar gyfer y llys troseddol, ni ddylech fod ag unrhyw wrthdaro o ran buddiannau yn eich swydd neu ymrwymiadau gwirfoddoli eraill (fodd bynnag, gallech fod yn gymwys o hyd i gael r\u00f4l yn y llys teulu).<\/p>\n<\/div>\n\n\n\n<div class=\"wp-block-column is-layout-flow wp-block-column-is-layout-flow\">\n<h2 class=\"wp-block-heading has-text-align-center\"><\/h2>\n\n\n\n<p class=\"has-text-align-center\"><\/p>\n<\/div>\n<\/div>\n\n\n\n<div class=\"wp-block-columns are-vertically-aligned-center is-layout-flex wp-container-core-columns-is-layout-9d6595d7 wp-block-columns-is-layout-flex\">\n<div class=\"wp-block-column is-vertically-aligned-center is-layout-flow wp-block-column-is-layout-flow\">\n<h2 class=\"wp-block-heading\" id=\"sut-fyddwn-ni-n-eich-cefnogi-chi\">Sut fyddwn ni&#8217;n eich cefnogi chi?<\/h2>\n\n\n\n<p>Fel ynad newydd, byddwch yn cael hyfforddiant yn eich ardal leol a thrwy&#8217;r <a href=\"https:\/\/www.judiciary.uk\/about-the-judiciary\/training-support\/judicial-college\/magistrates\/?sType=magistrates_website\">Coleg Barnwrol<\/a>. Bydd eich hyfforddiant yn cael ei ddarparu drwy rai sesiynau wyneb yn wyneb, yn ogystal \u00e2 thrwy ddysgu ar-lein. Bydd hyn yn cynnwys:<\/p>\n\n\n\n<ul class=\"wp-block-list\">\n<li>sesiwn hyfforddi hanner diwrnod gychwynnol<\/li>\n\n\n\n<li>rhaglen hyfforddi ragarweiniol tri neu bum diwrnod<\/li>\n\n\n\n<li>mentor i&#8217;ch helpu i ddysgu a datblygu wrth i chi ddod yn gyfforddus yn y r\u00f4l.<\/li>\n<\/ul>\n\n\n\n<p>Fel ynad mae gennych hefyd yr hawl i hawlio treuliau penodol, i sicrhau eich bod yn cael eich digolledu am gyflawni eich dyletswyddau ynadol. Mae hyn yn cynnwys lwfans am unrhyw enillion a gollir o ganlyniad i gyflawni dyletswyddau ynad. Darllenwch ein <a href=\"https:\/\/magistrates.judiciary.uk\/cymraeg\/polisi-treuliau-ynadon\/\">Polisi Treuliau Ynadon<\/a> i ddysgu mwy am y treuliau y gallwch eu hawlio fel ynad.<\/p>\n<\/div>\n\n\n\n<div class=\"wp-block-column is-vertically-aligned-center is-layout-flow wp-block-column-is-layout-flow\">\n<figure class=\"wp-block-image size-full\"><img decoding=\"async\" src=\"https:\/\/cdn.websitebuilder.service.justice.gov.uk\/uploads\/sites\/11\/2024\/10\/2024_04_16_MOJ29733.jpg\" alt=\"Three magistrates sitting in court on a bench. One black female, one Asian female and one black male\" class=\"wp-image-404\"\/><\/figure>\n<\/div>\n<\/div>\n","protected":false},"excerpt":{"rendered":"<p>Dod yn ynad Nid yw llawer o&#8217;r penderfyniadau cyfreithiol a wneir yng Nghymru a Lloegr yn cael eu gwneud gan<\/p>\n","protected":false},"author":34,"featured_media":0,"parent":0,"menu_order":0,"comment_status":"closed","ping_status":"closed","template":"page-full-width.php","meta":{"_acf_changed":false,"footnotes":""},"page_category":[],"class_list":["post-42","page","type-page","status-publish","hentry"],"acf":[],"featured_image_url":"","_links":{"self":[{"href":"https:\/\/magistrates.judiciary.uk\/cymraeg\/wp-json\/wp\/v2\/pages\/42","targetHints":{"allow":["GET"]}}],"collection":[{"href":"https:\/\/magistrates.judiciary.uk\/cymraeg\/wp-json\/wp\/v2\/pages"}],"about":[{"href":"https:\/\/magistrates.judiciary.uk\/cymraeg\/wp-json\/wp\/v2\/types\/page"}],"author":[{"embeddable":true,"href":"https:\/\/magistrates.judiciary.uk\/cymraeg\/wp-json\/wp\/v2\/users\/34"}],"replies":[{"embeddable":true,"href":"https:\/\/magistrates.judiciary.uk\/cymraeg\/wp-json\/wp\/v2\/comments?post=42"}],"version-history":[{"count":17,"href":"https:\/\/magistrates.judiciary.uk\/cymraeg\/wp-json\/wp\/v2\/pages\/42\/revisions"}],"predecessor-version":[{"id":457,"href":"https:\/\/magistrates.judiciary.uk\/cymraeg\/wp-json\/wp\/v2\/pages\/42\/revisions\/457"}],"wp:attachment":[{"href":"https:\/\/magistrates.judiciary.uk\/cymraeg\/wp-json\/wp\/v2\/media?parent=42"}],"wp:term":[{"taxonomy":"page_category","embeddable":true,"href":"https:\/\/magistrates.judiciary.uk\/cymraeg\/wp-json\/wp\/v2\/page_category?post=42"}],"curies":[{"name":"wp","href":"https:\/\/api.w.org\/{rel}","templated":true}]}}